{"id":93,"date":"2020-10-20T22:38:13","date_gmt":"2020-10-20T22:38:13","guid":{"rendered":"https:\/\/juliasbriller.temporal.website\/?page_id=93"},"modified":"2021-12-07T19:16:18","modified_gmt":"2021-12-07T19:16:18","slug":"proyectos","status":"publish","type":"page","link":"https:\/\/juliasbriller.temporal.website\/en\/proyectos\/","title":{"rendered":"PROJECTS"},"content":{"rendered":"","protected":false},"excerpt":{"rendered":"","protected":false},"author":1,"featured_media":0,"parent":0,"menu_order":0,"comment_status":"closed","ping_status":"closed","template":"","meta":[],"grid":"{\r\n  \"colCount\": 12,\r\n  \"colGutter\": 2,\r\n  \"rowGutters\": [],\r\n  \"frameMargin\": 5.5,\r\n  \"topFrameMargin\": 22,\r\n  \"bottomFrameMargin\": 22,\r\n  \"rowAttrs\": [\r\n    {}\r\n  ],\r\n  \"bgColor\": null,\r\n  \"cont\": [\r\n    {\r\n      \"type\": \"text\",\r\n      \"cont\": \"<p class=\\\"_Texto_Grande\\\"><a href=\\\"https:\/\/juliasbriller.temporal.website\/silex\/\\\" data-type=\\\"project\\\" data-id=\\\"623\\\" data-title=\\\"S\u00edlex\\\" data-catid=\\\"[1]\\\" data-hoverimageid=\\\"1584\\\" data-hoverimagesmallsrc=\\\"\/wp-content\/uploads\/Captura-de-pantalla-2021-08-09-a-las-16.06.22-265x246.png\\\">S\u00edlex<\/a> <a href=\\\"https:\/\/juliasbriller.temporal.website\/saludo-al-sol\/\\\" data-type=\\\"project\\\" data-id=\\\"1060\\\" data-title=\\\"Sun salutation\\\" data-catid=\\\"[1]\\\" data-hoverimageid=\\\"1566\\\" data-hoverimagesmallsrc=\\\"\/wp-content\/uploads\/SALUDA-AL-SOL-265x330.jpg\\\"><span style=\\\"font-weight: 400;\\\">Sun salutation<\/span><\/a> <a href=\\\"https:\/\/juliasbriller.temporal.website\/bailar-en-casa\/\\\" data-type=\\\"project\\\" data-id=\\\"1050\\\" data-title=\\\"Bailar en casa\\\" data-catid=\\\"[1]\\\" data-hoverimageid=\\\"1565\\\" data-hoverimagesmallsrc=\\\"\/wp-content\/uploads\/bailarencasa-265x200.jpg\\\">Dance at home<\/a> <a href=\\\"https:\/\/juliasbriller.temporal.website\/flechas-al-sol\/\\\" data-type=\\\"project\\\" data-id=\\\"173\\\" data-title=\\\"Flechas al sol\\\" data-catid=\\\"[1]\\\" data-hoverimageid=\\\"174\\\" data-hoverimagesmallsrc=\\\"\/wp-content\/uploads\/2020\/10\/flechas-al-sol-01-julia-sbriller.-265x265.jpg\\\">Arrows to the sun<\/a> <a href=\\\"https:\/\/juliasbriller.temporal.website\/mandala\/\\\" data-type=\\\"project\\\" data-id=\\\"184\\\" data-title=\\\"Mandala\\\" data-catid=\\\"[1]\\\" data-hoverimageid=\\\"186\\\" data-hoverimagesmallsrc=\\\"\/wp-content\/uploads\/2020\/10\/mandala-julia-sbriller-01-265x265.jpg\\\">Mandala<\/a> <a href=\\\"https:\/\/juliasbriller.temporal.website\/toroides\/\\\" data-type=\\\"project\\\" data-id=\\\"216\\\" data-title=\\\"Toroides\\\" data-catid=\\\"[1]\\\" data-hoverimageid=\\\"234\\\" data-hoverimagesmallsrc=\\\"\/wp-content\/uploads\/2020\/10\/toroides-wall-sbriller-pattern-01-265x265.jpg\\\">Torontoides<\/a> <a href=\\\"https:\/\/juliasbriller.temporal.website\/isla-mujeres\/\\\" data-type=\\\"project\\\" data-id=\\\"319\\\" data-title=\\\"Isla Mujeres\\\" data-catid=\\\"[1]\\\" data-hoverimageid=\\\"322\\\" data-hoverimagesmallsrc=\\\"\/wp-content\/uploads\/ISLA-X-265x265.jpg\\\">Isla mujeres<\/a>\u00a0<a href=\\\"https:\/\/juliasbriller.temporal.website\/jessica-kessels\/\\\" data-type=\\\"project\\\" data-id=\\\"331\\\" data-title=\\\"Jessica Kessels\\\" data-catid=\\\"[1]\\\" data-hoverimageid=\\\"333\\\" data-hoverimagesmallsrc=\\\"\/wp-content\/uploads\/00-265x265.jpg\\\">Jessica Kessels<\/a> <a href=\\\"https:\/\/juliasbriller.temporal.website\/overola\/\\\" data-type=\\\"project\\\" data-id=\\\"1098\\\" data-title=\\\"Overola\\\" data-catid=\\\"[1]\\\" data-hoverimageid=\\\"1107\\\" data-hoverimagesmallsrc=\\\"\/wp-content\/uploads\/9653bEDIT-1-265x265.jpg\\\">Overola<\/a> <a href=\\\"https:\/\/juliasbriller.temporal.website\/creadorxs-de-imagenes\/\\\" data-type=\\\"project\\\" data-id=\\\"1063\\\" data-title=\\\"Creadorxs de im\u00e1genes\\\" data-catid=\\\"[1]\\\" data-hoverimageid=\\\"1065\\\" data-hoverimagesmallsrc=\\\"\/wp-content\/uploads\/0.-creadorxs10-265x265.jpg\\\">Creadorxs de im\u00e1genes<\/a> <a href=\\\"https:\/\/juliasbriller.temporal.website\/mientras-dormimos-aca-estamos-despiertxs-en-otro-lado\/\\\" data-type=\\\"project\\\" data-id=\\\"1029\\\" data-title=\\\"Mientras dormimos ac\u00e1 estamos despiertxs en otro lado\\\" data-catid=\\\"[1]\\\" data-hoverimageid=\\\"1031\\\" data-hoverimagesmallsrc=\\\"\/wp-content\/uploads\/1.-gravedad-1-265x400.jpg\\\"><span style=\\\"font-weight: 400;\\\">While sleeping here, we are awake somewhere else<\/span><\/a> <a href=\\\"https:\/\/juliasbriller.temporal.website\/chongas\/\\\" data-type=\\\"project\\\" data-id=\\\"1092\\\" data-title=\\\"Chongas\\\" data-catid=\\\"[1]\\\" data-hoverimageid=\\\"1094\\\" data-hoverimagesmallsrc=\\\"\/wp-content\/uploads\/CHONGAS_00-15b_1-265x265.jpg\\\">Chongas<\/a> <a href=\\\"https:\/\/juliasbriller.temporal.website\/amor-elefante\/\\\" data-type=\\\"project\\\" data-id=\\\"1080\\\" data-title=\\\"Amor Elefante\\\" data-catid=\\\"[1]\\\" data-hoverimageid=\\\"1081\\\" data-hoverimagesmallsrc=\\\"\/wp-content\/uploads\/141-265x265.jpg\\\">Amor elefante<\/a> <a href=\\\"https:\/\/juliasbriller.temporal.website\/pista\/\\\" data-type=\\\"project\\\" data-id=\\\"627\\\" data-title=\\\"Pista (Tiempos dif\u00edciles requieren danzas furiosas)\\\" data-catid=\\\"[1]\\\" data-hoverimageid=\\\"1568\\\" data-hoverimagesmallsrc=\\\"\/wp-content\/uploads\/PISTA-265x267.png\\\">Pista (<span style=\\\"font-weight: 400;\\\">Hard times require furious dancing<\/span>)<\/a> <a href=\\\"https:\/\/juliasbriller.temporal.website\/las-eternas\/\\\" data-type=\\\"project\\\" data-id=\\\"625\\\" data-title=\\\"Las eternas\\\" data-catid=\\\"[1]\\\" data-hoverimageid=\\\"626\\\" data-hoverimagesmallsrc=\\\"\/wp-content\/uploads\/Portada-Las-eternas-265x184.jpg\\\"><span style=\\\"font-weight: 400;\\\">The eternals<\/span><\/a> <a href=\\\"https:\/\/juliasbriller.temporal.website\/canta-a-mi-misma\/\\\" data-type=\\\"project\\\" data-id=\\\"623\\\" data-title=\\\"Canta a mi misma\\\" data-catid=\\\"[1]\\\" data-hoverimageid=\\\"1567\\\" data-hoverimagesmallsrc=\\\"\/wp-content\/uploads\/AficheCortoCantaAMiMisma-265x375.png\\\">Sing to myself<\/a> <a href=\\\"https:\/\/juliasbriller.temporal.website\/la-distancia-minima-entre-dos-puntos-esta-en-construccion\/\\\" data-type=\\\"project\\\" data-id=\\\"622\\\" data-title=\\\"La distancia m\u00ednima entre dos puntos est\u00e1 en construcci\u00f3n\\\" data-catid=\\\"[1]\\\" data-hoverimageid=\\\"974\\\" data-hoverimagesmallsrc=\\\"\/wp-content\/uploads\/6-2-265x398.jpg\\\"><span style=\\\"font-weight: 400;\\\">The minimum distance between two points is under construction<\/span><\/a> <a href=\\\"https:\/\/juliasbriller.temporal.website\/en-la-redencion-se-enciende\/\\\" data-type=\\\"project\\\" data-id=\\\"610\\\" data-title=\\\"En la redenci\u00f3n se enciende (Codicce)\\\" data-catid=\\\"[1]\\\" data-hoverimageid=\\\"620\\\" data-hoverimagesmallsrc=\\\"\/wp-content\/uploads\/8-1-265x375.jpg\\\"><span style=\\\"font-weight: 400;\\\">In redemption it lights<\/span> (Codicce)<\/a> <a href=\\\"https:\/\/juliasbriller.temporal.website\/fuku-zafa\/\\\" data-type=\\\"project\\\" data-id=\\\"550\\\" data-title=\\\"Fuk\u00fa \/ Zafa (maldici\u00f3n y contrahechizo)\\\" data-catid=\\\"[1]\\\" data-hoverimageid=\\\"552\\\" data-hoverimagesmallsrc=\\\"\/wp-content\/uploads\/04-265x173.jpg\\\">Fuk\u00fa\/Zafa (curse and counterspell)<\/a> <a href=\\\"https:\/\/juliasbriller.temporal.website\/tapas\/\\\" data-type=\\\"project\\\" data-id=\\\"1110\\\" data-title=\\\"Tapas\\\" data-catid=\\\"[1]\\\" data-hoverimageid=\\\"1114\\\" data-hoverimagesmallsrc=\\\"\/wp-content\/uploads\/Marcha1-265x272.jpg\\\">Covers<\/a> <a href=\\\"https:\/\/juliasbriller.temporal.website\/equilibrio-fascinacion-retratos\/\\\" data-type=\\\"project\\\" data-id=\\\"1126\\\" data-title=\\\"Equilibrio fascinacio\u0301n (retratos)\\\" data-catid=\\\"[1]\\\" data-hoverimageid=\\\"1140\\\" data-hoverimagesmallsrc=\\\"\/wp-content\/uploads\/10b-265x331.jpg\\\"><span style=\\\"font-weight: 400;\\\">Balance fascination (portraits)<\/span><\/a><\/p><p>Sing to myself\\\" data-catid=\\\"[1]\\\"&gt;S\u00edlex <a href=\\\"https:\/\/juliasbriller.temporal.website\/saludo-al-sol\/\\\" data-type=\\\"project\\\" data-id=\\\"1060\\\" data-title=\\\"Saludo al sol\\\" data-catid=\\\"[1]\\\" data-hoverimageid=\\\"1566\\\" data-hoverimagesmallsrc=\\\"\/wp-content\/uploads\/SALUDA-AL-SOL-265x330.jpg\\\">Saludo al sol<\/a> <a href=\\\"https:\/\/juliasbriller.temporal.website\/bailar-en-casa\/\\\" data-type=\\\"project\\\" data-id=\\\"1050\\\" data-title=\\\"Bailar en casa\\\" data-catid=\\\"[1]\\\" data-hoverimageid=\\\"1565\\\" data-hoverimagesmallsrc=\\\"\/wp-content\/uploads\/bailarencasa-265x200.jpg\\\">Bailar en casa<\/a> <a href=\\\"https:\/\/juliasbriller.temporal.website\/flechas-al-sol\/\\\" data-type=\\\"project\\\" data-id=\\\"173\\\" data-title=\\\"Flechas al sol\\\" data-catid=\\\"[1]\\\" data-hoverimageid=\\\"174\\\" data-hoverimagesmallsrc=\\\"\/wp-content\/uploads\/2020\/10\/flechas-al-sol-01-julia-sbriller.-265x265.jpg\\\">Flechas al sol<\/a> <a href=\\\"https:\/\/juliasbriller.temporal.website\/mandala\/\\\" data-type=\\\"project\\\" data-id=\\\"184\\\" data-title=\\\"Mandala\\\" data-catid=\\\"[1]\\\" data-hoverimageid=\\\"186\\\" data-hoverimagesmallsrc=\\\"\/wp-content\/uploads\/2020\/10\/mandala-julia-sbriller-01-265x265.jpg\\\">Mandala<\/a> <a href=\\\"https:\/\/juliasbriller.temporal.website\/toroides\/\\\" data-type=\\\"project\\\" data-id=\\\"216\\\" data-title=\\\"Toroides\\\" data-catid=\\\"[1]\\\" data-hoverimageid=\\\"234\\\" data-hoverimagesmallsrc=\\\"\/wp-content\/uploads\/2020\/10\/toroides-wall-sbriller-pattern-01-265x265.jpg\\\">Torontoides<\/a> <a href=\\\"https:\/\/juliasbriller.temporal.website\/isla-mujeres\/\\\" data-type=\\\"project\\\" data-id=\\\"319\\\" data-title=\\\"Isla Mujeres\\\" data-catid=\\\"[1]\\\" data-hoverimageid=\\\"322\\\" data-hoverimagesmallsrc=\\\"\/wp-content\/uploads\/ISLA-X-265x265.jpg\\\">Isla mujeres<\/a>\u00a0<a href=\\\"https:\/\/juliasbriller.temporal.website\/jessica-kessels\/\\\" data-type=\\\"project\\\" data-id=\\\"331\\\" data-title=\\\"Jessica Kessels\\\" data-catid=\\\"[1]\\\" data-hoverimageid=\\\"333\\\" data-hoverimagesmallsrc=\\\"\/wp-content\/uploads\/00-265x265.jpg\\\">Jessica Kessels<\/a> <a href=\\\"https:\/\/juliasbriller.temporal.website\/overola\/\\\" data-type=\\\"project\\\" data-id=\\\"1098\\\" data-title=\\\"Overola\\\" data-catid=\\\"[1]\\\" data-hoverimageid=\\\"1107\\\" data-hoverimagesmallsrc=\\\"\/wp-content\/uploads\/9653bEDIT-1-265x265.jpg\\\">Overola<\/a> <a href=\\\"https:\/\/juliasbriller.temporal.website\/creadorxs-de-imagenes\/\\\" data-type=\\\"project\\\" data-id=\\\"1063\\\" data-title=\\\"Creadorxs de im\u00e1genes\\\" data-catid=\\\"[1]\\\" data-hoverimageid=\\\"1065\\\" data-hoverimagesmallsrc=\\\"\/wp-content\/uploads\/0.-creadorxs10-265x265.jpg\\\">Creadorxs de im\u00e1genes<\/a> <a href=\\\"https:\/\/juliasbriller.temporal.website\/mientras-dormimos-aca-estamos-despiertxs-en-otro-lado\/\\\" data-type=\\\"project\\\" data-id=\\\"1029\\\" data-title=\\\"Mientras dormimos ac\u00e1 estamos despiertxs en otro lado\\\" data-catid=\\\"[1]\\\" data-hoverimageid=\\\"1031\\\" data-hoverimagesmallsrc=\\\"\/wp-content\/uploads\/1.-gravedad-1-265x400.jpg\\\">Mientras dormimos ac\u00e1 estamos despiertxs en otro lado<\/a> <a href=\\\"https:\/\/juliasbriller.temporal.website\/chongas\/\\\" data-type=\\\"project\\\" data-id=\\\"1092\\\" data-title=\\\"Chongas\\\" data-catid=\\\"[1]\\\" data-hoverimageid=\\\"1094\\\" data-hoverimagesmallsrc=\\\"\/wp-content\/uploads\/CHONGAS_00-15b_1-265x265.jpg\\\">Chongas<\/a> <a href=\\\"https:\/\/juliasbriller.temporal.website\/amor-elefante\/\\\" data-type=\\\"project\\\" data-id=\\\"1080\\\" data-title=\\\"Amor Elefante\\\" data-catid=\\\"[1]\\\" data-hoverimageid=\\\"1081\\\" data-hoverimagesmallsrc=\\\"\/wp-content\/uploads\/141-265x265.jpg\\\">Amor elefante<\/a> <a href=\\\"https:\/\/juliasbriller.temporal.website\/pista\/\\\" data-type=\\\"project\\\" data-id=\\\"627\\\" data-title=\\\"Pista (Tiempos dif\u00edciles requieren danzas furiosas)\\\" data-catid=\\\"[1]\\\" data-hoverimageid=\\\"1568\\\" data-hoverimagesmallsrc=\\\"\/wp-content\/uploads\/PISTA-265x267.png\\\">Pista (Tiempos dif\u00edciles requieren danzas furiosas)<\/a>\u00a0<a href=\\\"https:\/\/juliasbriller.temporal.website\/las-eternas\/\\\" data-type=\\\"project\\\" data-id=\\\"625\\\" data-title=\\\"Las eternas\\\" data-catid=\\\"[1]\\\" data-hoverimageid=\\\"626\\\" data-hoverimagesmallsrc=\\\"\/wp-content\/uploads\/Portada-Las-eternas-265x184.jpg\\\">Las eternas<\/a>\u00a0<a href=\\\"https:\/\/juliasbriller.temporal.website\/canta-a-mi-misma\/\\\" data-type=\\\"project\\\" data-id=\\\"623\\\" data-title=\\\"Canta a mi misma\\\" data-catid=\\\"[1]\\\" data-hoverimageid=\\\"1567\\\" data-hoverimagesmallsrc=\\\"\/wp-content\/uploads\/AficheCortoCantaAMiMisma-265x375.png\\\">Canta a mi misma<\/a>\u00a0<a href=\\\"https:\/\/juliasbriller.temporal.website\/la-distancia-minima-entre-dos-puntos-esta-en-construccion\/\\\" data-type=\\\"project\\\" data-id=\\\"622\\\" data-title=\\\"La distancia m\u00ednima entre dos puntos est\u00e1 en construcci\u00f3n\\\" data-catid=\\\"[1]\\\" data-hoverimageid=\\\"974\\\" data-hoverimagesmallsrc=\\\"\/wp-content\/uploads\/6-2-265x398.jpg\\\">La distancia m\u00ednima entre dos puntos est\u00e1 en construcci\u00f3n<\/a>\u00a0<a href=\\\"https:\/\/juliasbriller.temporal.website\/en-la-redencion-se-enciende\/\\\" data-type=\\\"project\\\" data-id=\\\"610\\\" data-title=\\\"En la redenci\u00f3n se enciende (Codicce)\\\" data-catid=\\\"[1]\\\" data-hoverimageid=\\\"620\\\" data-hoverimagesmallsrc=\\\"\/wp-content\/uploads\/8-1-265x375.jpg\\\">En la redenci\u00f3n se enciende (Codicce)<\/a>\u00a0<a href=\\\"https:\/\/juliasbriller.temporal.website\/fuku-zafa\/\\\" data-type=\\\"project\\\" data-id=\\\"550\\\" data-title=\\\"Fuk\u00fa \/ Zafa (maldici\u00f3n y contrahechizo)\\\" data-catid=\\\"[1]\\\" data-hoverimageid=\\\"552\\\" data-hoverimagesmallsrc=\\\"\/wp-content\/uploads\/04-265x173.jpg\\\">Fuk\u00fa\/Zafa (maldici\u00f3n y contrahechizo)<\/a> <a href=\\\"https:\/\/juliasbriller.temporal.website\/tapas\/\\\" data-type=\\\"project\\\" data-id=\\\"1110\\\" data-title=\\\"Tapas\\\" data-catid=\\\"[1]\\\" data-hoverimageid=\\\"1114\\\" data-hoverimagesmallsrc=\\\"\/wp-content\/uploads\/Marcha1-265x272.jpg\\\">Tapas<\/a> <a href=\\\"https:\/\/juliasbriller.temporal.website\/equilibrio-fascinacion-retratos\/\\\" data-type=\\\"project\\\" data-id=\\\"1126\\\" data-title=\\\"Equilibrio fascinacio\u0301n (retratos)\\\" data-catid=\\\"[1]\\\" data-hoverimageid=\\\"1140\\\" data-hoverimagesmallsrc=\\\"\/wp-content\/uploads\/10b-265x331.jpg\\\">Equilibrio fascinacio\u0301n (retratos)<\/a><\/p>\",\r\n      \"align\": \"top\",\r\n      \"row\": 0,\r\n      \"col\": 0,\r\n      \"colspan\": 12,\r\n      \"offsetx\": 0,\r\n      \"offsety\": 0,\r\n      \"spaceabove\": 0,\r\n      \"spacebelow\": 0,\r\n      \"yvel\": 1,\r\n      \"push\": 0,\r\n      \"relid\": 4,\r\n      \"frameOverflow\": \"\"\r\n    }\r\n  ]\r\n}","phonegrid":"{\r\n  \"colCount\": 12,\r\n  \"colGutter\": 1,\r\n  \"rowGutters\": [],\r\n  \"frameMargin\": 12,\r\n  \"topFrameMargin\": 6,\r\n  \"bottomFrameMargin\": 6,\r\n  \"rowAttrs\": [\r\n    {}\r\n  ],\r\n  \"bgColor\": null,\r\n  \"cont\": [\r\n    {\r\n      \"type\": \"thumbnailgrid\",\r\n      \"cont\": \"\",\r\n      \"align\": \"middle\",\r\n      \"row\": 0,\r\n      \"col\": 0,\r\n      \"colspan\": 12,\r\n      \"offsetx\": 0,\r\n      \"offsety\": 0,\r\n      \"spaceabove\": 0,\r\n      \"spacebelow\": 0,\r\n      \"yvel\": 1,\r\n      \"push\": 0,\r\n      \"relid\": 5,\r\n      \"config\": {\r\n        \"desktop\": {\r\n          \"colCount\": 1,\r\n          \"colGutter\": 1,\r\n          \"rowGutter\": 12\r\n        },\r\n        \"tablet\": {\r\n          \"colCount\": 1,\r\n          \"colGutter\": 1,\r\n          \"rowGutter\": 12\r\n        },\r\n        \"phone\": {\r\n          \"colCount\": 1,\r\n          \"colGutter\": 1,\r\n          \"rowGutter\": 12\r\n        },\r\n        \"layoutType\": \"top-aligned\",\r\n        \"cat_id\": 1\r\n      }\r\n    }\r\n  ]\r\n}","_links":{"self":[{"href":"https:\/\/juliasbriller.temporal.website\/en\/wp-json\/wp\/v2\/pages\/93"}],"collection":[{"href":"https:\/\/juliasbriller.temporal.website\/en\/wp-json\/wp\/v2\/pages"}],"about":[{"href":"https:\/\/juliasbriller.temporal.website\/en\/wp-json\/wp\/v2\/types\/page"}],"author":[{"embeddable":true,"href":"https:\/\/juliasbriller.temporal.website\/en\/wp-json\/wp\/v2\/users\/1"}],"replies":[{"embeddable":true,"href":"https:\/\/juliasbriller.temporal.website\/en\/wp-json\/wp\/v2\/comments?post=93"}],"version-history":[{"count":0,"href":"https:\/\/juliasbriller.temporal.website\/en\/wp-json\/wp\/v2\/pages\/93\/revisions"}],"wp:attachment":[{"href":"https:\/\/juliasbriller.temporal.website\/en\/wp-json\/wp\/v2\/media?parent=93"}],"curies":[{"name":"wp","href":"https:\/\/api.w.org\/{rel}","templated":true}]}}